{"id":701,"date":"2024-06-13T16:55:11","date_gmt":"2024-06-13T19:55:11","guid":{"rendered":"https:\/\/movetoursp.com\/?post_type=product&#038;p=701"},"modified":"2026-01-04T20:42:57","modified_gmt":"2026-01-04T23:42:57","slug":"murano-e-burano-passeio-panoramico-exclusivo","status":"publish","type":"product","link":"https:\/\/movetoursp.com\/index.php\/produto\/murano-e-burano-passeio-panoramico-exclusivo\/","title":{"rendered":"Murano e Burano: Passeio panor\u00e2mico exclusivo"},"content":{"rendered":"<p><strong>Inclui:<\/strong><\/p>\n<ul>\n<li class=\"activity-inclusions__item activity-inclusions__item--inclusion\" data-v-de44b8f4=\"\">Visita ao forno e demonstra\u00e7\u00e3o de fabrica\u00e7\u00e3o de vidro.<\/li>\n<\/ul>\n<p><strong>N\u00e3o inclui<\/strong><\/p>\n<ul>\n<li class=\"activity-inclusions__item activity-inclusions__item--exclusion\" data-v-de44b8f4=\"\"><span class=\"activity-inclusions__test activity-inclusions__test--exclude\" data-v-de44b8f4=\"\">Transporte<\/span><\/li>\n<li class=\"activity-inclusions__item activity-inclusions__item--exclusion\" data-v-de44b8f4=\"\"><span class=\"activity-inclusions__test activity-inclusions__test--exclude\" data-v-de44b8f4=\"\">Alimentos e bebidas<\/span><\/li>\n<\/ul>\n<hr \/>\n<div class=\"tyUdl\"><\/div>\n<div class=\"tyUdl\">\n<p><strong style=\"font-size: 16px;\">Destaques<br \/>\n<\/strong><\/p>\n<\/div>\n<div id=\"fl-accordion-63500a38ab6d3-panel-3\" class=\"fl-accordion-content fl-clearfix\" role=\"tabpanel\" aria-labelledby=\"fl-accordion-63500a38ab6d3-tab-3\" aria-hidden=\"false\" aria-live=\"polite\">\n<div class=\"tyUdl\">\n<ul class=\"IMSns\">\n<li class=\"activity-highlights__list-item\" data-v-72aefa1b=\"\">Prove a sobremesa t\u00edpica de Burano, o bussol\u00e0.<\/li>\n<li class=\"activity-highlights__list-item\" data-v-72aefa1b=\"\">Veja as mulheres idosas de Burano trabalhando com rendas feitas \u00e0 m\u00e3o.<\/li>\n<li class=\"activity-highlights__list-item\" data-v-72aefa1b=\"\">Partida da hist\u00f3rica Piazza San Marco em Veneza.<\/li>\n<\/ul>\n<hr \/>\n<p><strong>Mais informa\u00e7\u00f5es<\/strong><\/p>\n<ul class=\"IMSns\">\n<li class=\"activity-important-information__item\" data-v-fe6f5540=\"\">Esse tour n\u00e3o \u00e9 particular.<\/li>\n<li class=\"activity-important-information__item\" data-v-fe6f5540=\"\">O passeio tem um guia de turismo apenas no barco; as ilhas s\u00e3o vistas por voc\u00ea mesmo.<\/li>\n<\/ul>\n<\/div>\n<\/div>\n","protected":false},"excerpt":{"rendered":"<h2 class=\"biGQs _P fiohW qWPrE ncFvv EVnyE\" data-automation=\"mainH1\">Descubra Murano e Burano em uma excurs\u00e3o de luxo<\/h2>\n<p>Prepare-se para uma excurs\u00e3o panor\u00e2mica de luxo em que cada detalhe foi projetado para proporcionar uma experi\u00eancia memor\u00e1vel. Partindo da hist\u00f3rica Piazza San Marco, nossa viagem nos leva ao cora\u00e7\u00e3o da lagoa veneziana, \u00e0s ilhas de Murano e Burano.<\/p>\n<p>A bordo de um barco elegante e confort\u00e1vel, voc\u00ea ser\u00e1 guiado por uma anfitri\u00e3 experiente que compartilhar\u00e1 hist\u00f3rias e curiosidades sobre os lugares visitados. Murano, a primeira parada, \u00e9 mundialmente famosa desde o ano de 1200 por sua arte em vidro. Nessa ilha fascinante, voc\u00ea n\u00e3o apenas explorar\u00e1 suas ruas charmosas, mas tamb\u00e9m assistir\u00e1 a uma demonstra\u00e7\u00e3o de mestres vidreiros, que criar\u00e3o pe\u00e7as delicadas e impressionantes, como vasos e copos, usando t\u00e9cnicas antigas. Em seguida, navegaremos para Burano, conhecida por suas casas coloridas que criam um cen\u00e1rio de conto de fadas. A tradi\u00e7\u00e3o local diz que essas cores vibrantes ajudavam os pescadores a reconhecer suas casas durante as neblinas de inverno.<\/p>\n<p>Enquanto passeia pelas ruas de Burano, voc\u00ea ver\u00e1 mulheres idosas trabalhando com rendas finas, uma arte que se mant\u00e9m viva h\u00e1 gera\u00e7\u00f5es, e provar\u00e1 bussol\u00e0, um biscoito t\u00edpico local. Essa excurs\u00e3o oferece a voc\u00ea uma imers\u00e3o completa na beleza e na hist\u00f3ria da lagoa veneziana, combinando conforto, cultura e tradi\u00e7\u00f5es aut\u00eanticas.<\/p>\n<style>\n        .botao {<br \/>            display: inline-block;<br \/>            padding: 10px 20px;<br \/>            background-color: #007bff; \/* Cor de fundo do bot\u00e3o *\/<br \/>            color: #fff; \/* Cor do texto do bot\u00e3o *\/<br \/>            text-decoration: none; \/* Remover sublinhado padr\u00e3o de links *\/<br \/>            border: none; \/* Remover borda padr\u00e3o *\/<br \/>            border-radius: 5px; \/* Cantos arredondados *\/<br \/>        }<br \/>    <\/style>\n<p><a class=\"botao\" href=\"mailto:movepasseios@gmail.com\">Reserve<\/a><\/p>\n","protected":false},"featured_media":705,"comment_status":"open","ping_status":"closed","template":"","meta":{"_uag_custom_page_level_css":"","site-sidebar-layout":"default","site-content-layout":"default","ast-site-content-layout":"default","site-content-style":"default","site-sidebar-style":"default","ast-global-header-display":"","ast-banner-title-visibility":"","ast-main-header-display":"","ast-hfb-above-header-display":"","ast-hfb-below-header-display":"","ast-hfb-mobile-header-display":"","site-post-title":"","ast-breadcrumbs-content":"","ast-featured-img":"","footer-sml-layout":"","ast-disable-related-posts":"","theme-transparent-header-meta":"default","adv-header-id-meta":"","stick-header-meta":"","header-above-stick-meta":"","header-main-stick-meta":"","header-below-stick-meta":"","astra-migrate-meta-layouts":"set","ast-page-background-enabled":"default","ast-page-background-meta":{"desktop":{"background-color":"","background-image":"","background-repeat":"repeat","background-position":"center center","background-size":"auto","background-attachment":"scroll","background-type":"","background-media":"","overlay-type":"","overlay-color":"","overlay-opacity":"","overlay-gradient":""},"tablet":{"background-color":"","background-image":"","background-repeat":"repeat","background-position":"center center","background-size":"auto","background-attachment":"scroll","background-type":"","background-media":"","overlay-type":"","overlay-color":"","overlay-opacity":"","overlay-gradient":""},"mobile":{"background-color":"","background-image":"","background-repeat":"repeat","background-position":"center center","background-size":"auto","background-attachment":"scroll","background-type":"","background-media":"","overlay-type":"","overlay-color":"","overlay-opacity":"","overlay-gradient":""}},"ast-content-background-meta":{"desktop":{"background-color":"var(--ast-global-color-5)","background-image":"","background-repeat":"repeat","background-position":"center center","background-size":"auto","background-attachment":"scroll","background-type":"","background-media":"","overlay-type":"","overlay-color":"","overlay-opacity":"","overlay-gradient":""},"tablet":{"background-color":"var(--ast-global-color-5)","background-image":"","background-repeat":"repeat","background-position":"center center","background-size":"auto","background-attachment":"scroll","background-type":"","background-media":"","overlay-type":"","overlay-color":"","overlay-opacity":"","overlay-gradient":""},"mobile":{"background-color":"var(--ast-global-color-5)","background-image":"","background-repeat":"repeat","background-position":"center center","background-size":"auto","background-attachment":"scroll","background-type":"","background-media":"","overlay-type":"","overlay-color":"","overlay-opacity":"","overlay-gradient":""}}},"product_brand":[],"product_cat":[21],"product_tag":[],"class_list":{"0":"post-701","1":"product","2":"type-product","3":"status-publish","4":"has-post-thumbnail","6":"product_cat-veneza","7":"desktop-align-left","8":"tablet-align-left","9":"mobile-align-left","11":"first","12":"instock","13":"shipping-taxable","14":"product-type-simple"},"uagb_featured_image_src":{"full":["https:\/\/movetoursp.com\/wp-content\/uploads\/2024\/06\/persona-caminando-murano.jpg",1920,1372,false],"thumbnail":["https:\/\/movetoursp.com\/wp-content\/uploads\/2024\/06\/persona-caminando-murano-150x150.jpg",150,150,true],"medium":["https:\/\/movetoursp.com\/wp-content\/uploads\/2024\/06\/persona-caminando-murano-300x214.jpg",300,214,true],"medium_large":["https:\/\/movetoursp.com\/wp-content\/uploads\/2024\/06\/persona-caminando-murano-768x549.jpg",768,549,true],"large":["https:\/\/movetoursp.com\/wp-content\/uploads\/2024\/06\/persona-caminando-murano-1024x732.jpg",1024,732,true],"master_addons_team_thumb":["https:\/\/movetoursp.com\/wp-content\/uploads\/2024\/06\/persona-caminando-murano-250x330.jpg",250,330,true],"1536x1536":["https:\/\/movetoursp.com\/wp-content\/uploads\/2024\/06\/persona-caminando-murano-1536x1098.jpg",1536,1098,true],"2048x2048":["https:\/\/movetoursp.com\/wp-content\/uploads\/2024\/06\/persona-caminando-murano.jpg",1920,1372,false],"woocommerce_thumbnail":["https:\/\/movetoursp.com\/wp-content\/uploads\/2024\/06\/persona-caminando-murano-300x300.jpg",300,300,true],"woocommerce_single":["https:\/\/movetoursp.com\/wp-content\/uploads\/2024\/06\/persona-caminando-murano-600x429.jpg",600,429,true],"woocommerce_gallery_thumbnail":["https:\/\/movetoursp.com\/wp-content\/uploads\/2024\/06\/persona-caminando-murano-100x100.jpg",100,100,true]},"uagb_author_info":{"display_name":"movetoursp.com","author_link":"https:\/\/movetoursp.com\/index.php\/author\/"},"uagb_comment_info":2,"uagb_excerpt":"Descubra Murano e Burano em uma excurs\u00e3o de luxo Prepare-se para uma excurs\u00e3o panor\u00e2mica de luxo em que cada detalhe foi projetado para proporcionar uma experi\u00eancia memor\u00e1vel. Partindo da hist\u00f3rica Piazza San Marco, nossa viagem nos leva ao cora\u00e7\u00e3o da lagoa veneziana, \u00e0s ilhas de Murano e Burano. A bordo de um barco elegante e&hellip;","_links":{"self":[{"href":"https:\/\/movetoursp.com\/index.php\/wp-json\/wp\/v2\/product\/701","targetHints":{"allow":["GET"]}}],"collection":[{"href":"https:\/\/movetoursp.com\/index.php\/wp-json\/wp\/v2\/product"}],"about":[{"href":"https:\/\/movetoursp.com\/index.php\/wp-json\/wp\/v2\/types\/product"}],"replies":[{"embeddable":true,"href":"https:\/\/movetoursp.com\/index.php\/wp-json\/wp\/v2\/comments?post=701"}],"wp:featuredmedia":[{"embeddable":true,"href":"https:\/\/movetoursp.com\/index.php\/wp-json\/wp\/v2\/media\/705"}],"wp:attachment":[{"href":"https:\/\/movetoursp.com\/index.php\/wp-json\/wp\/v2\/media?parent=701"}],"wp:term":[{"taxonomy":"product_brand","embeddable":true,"href":"https:\/\/movetoursp.com\/index.php\/wp-json\/wp\/v2\/product_brand?post=701"},{"taxonomy":"product_cat","embeddable":true,"href":"https:\/\/movetoursp.com\/index.php\/wp-json\/wp\/v2\/product_cat?post=701"},{"taxonomy":"product_tag","embeddable":true,"href":"https:\/\/movetoursp.com\/index.php\/wp-json\/wp\/v2\/product_tag?post=701"}],"curies":[{"name":"wp","href":"https:\/\/api.w.org\/{rel}","templated":true}]}}