{"id":676,"date":"2024-06-13T16:31:59","date_gmt":"2024-06-13T19:31:59","guid":{"rendered":"https:\/\/movetoursp.com\/?post_type=product&#038;p=676"},"modified":"2024-08-09T07:48:55","modified_gmt":"2024-08-09T10:48:55","slug":"excursao-a-capela-sistina-e-ao-vaticano","status":"publish","type":"product","link":"https:\/\/movetoursp.com\/index.php\/produto\/excursao-a-capela-sistina-e-ao-vaticano\/","title":{"rendered":"Excurs\u00e3o \u00e0 Capela Sistina e ao Vaticano"},"content":{"rendered":"<p><strong>Inclui:<\/strong><\/p>\n<ul>\n<li class=\"seKux _d _c\"><span class=\"biGQs _P pZUbB KxBGd\">Bilhete priorit\u00e1rio sem fila para entrar rapidamente nos Museus do Vaticano<br \/>\n<\/span><\/li>\n<li class=\"seKux _d _c\"><span class=\"biGQs _P pZUbB KxBGd\">Entrada &#8211; Museus do Vaticano<br \/>\n<\/span><\/li>\n<li class=\"seKux _d _c\"><span class=\"biGQs _P pZUbB KxBGd\">Entrada \u2013 Capela Sistina<br \/>\n<\/span><\/li>\n<li class=\"seKux _d _c\"><span class=\"biGQs _P pZUbB KxBGd\">Entrada: Museus do Vaticano<br \/>\n<\/span><\/li>\n<li class=\"seKux _d _c\"><span class=\"biGQs _P pZUbB KxBGd\">Entrada: Capela Sistina<\/span><\/li>\n<\/ul>\n<p><strong>N\u00e3o inclui<\/strong><\/p>\n<ul>\n<li class=\"seKux _d _c\"><span class=\"biGQs _P pZUbB KxBGd\">Recolha e regresso ao hotel<br \/>\n<\/span><\/li>\n<li class=\"seKux _d _c\"><span class=\"biGQs _P pZUbB KxBGd\">Alimentos e bebidas<br \/>\n<\/span><\/li>\n<li class=\"seKux _d _c\"><span class=\"biGQs _P pZUbB KxBGd\">Pontas<\/span><\/li>\n<\/ul>\n<hr \/>\n<div class=\"tyUdl\"><\/div>\n<div class=\"tyUdl\">\n<p><strong style=\"font-size: 16px;\">Destaques<br \/>\n<\/strong><\/p>\n<\/div>\n<div id=\"fl-accordion-63500a38ab6d3-panel-3\" class=\"fl-accordion-content fl-clearfix\" role=\"tabpanel\" aria-labelledby=\"fl-accordion-63500a38ab6d3-tab-3\" aria-hidden=\"false\" aria-live=\"polite\">\n<div class=\"tyUdl\">\n<ul class=\"IMSns\">\n<li class=\"seKux _d _c\"><span class=\"biGQs _P pZUbB KxBGd\">Evite as filas e explore o Vaticano.<br \/>\n<\/span><\/li>\n<li class=\"seKux _d _c\"><span class=\"biGQs _P pZUbB KxBGd\">Destaques: Capela Sistina e obras-primas.<br \/>\n<\/span><\/li>\n<li class=\"seKux _d _c\"><span class=\"biGQs _P pZUbB KxBGd\">Experi\u00eancia cultural e espiritual \u00fanica.<\/span><\/li>\n<\/ul>\n<hr \/>\n<p><strong>Mais informa\u00e7\u00f5es<\/strong><\/p>\n<ul class=\"IMSns\">\n<li class=\"seKux _d _c\"><span class=\"biGQs _P pZUbB KxBGd\"> Esse passeio \u00e9 compartilhado. Excurs\u00e3o em grupo.<br \/>\n<\/span><\/li>\n<li class=\"seKux _d _c\"><span class=\"biGQs _P pZUbB KxBGd\">Se o hor\u00e1rio que voc\u00ea escolher n\u00e3o estiver dispon\u00edvel, voc\u00ea ser\u00e1 transferido para outro hor\u00e1rio no mesmo dia. Essas mudan\u00e7as n\u00e3o dependem de n\u00f3s. Portanto, ao fazer a reserva, voc\u00ea est\u00e1 ciente dessa poss\u00edvel mudan\u00e7a e, portanto, n\u00f3s o avisamos para que n\u00e3o haja reclama\u00e7\u00f5es posteriores ou solicita\u00e7\u00f5es de reembolso, que n\u00e3o ser\u00e3o levadas em considera\u00e7\u00e3o. Exemplo: Se voc\u00ea escolher o hor\u00e1rio das 09:30 e a bilheteria do Vaticano fechar nesse hor\u00e1rio, voc\u00ea ser\u00e1 transferido para o primeiro hor\u00e1rio dispon\u00edvel, 10:00, 10:30 ou 11:45. Obrigado a voc\u00ea.<br \/>\n<\/span><\/li>\n<li class=\"seKux _d _c\"><span class=\"biGQs _P pZUbB KxBGd\">&#8220;Pular a fila&#8221; significa que, em vez de esperar na longa fila normal, o cliente entra em uma fila r\u00e1pida e priorit\u00e1ria, junto com os outros clientes que escolheram essa op\u00e7\u00e3o<br \/>\n<\/span><\/li>\n<li class=\"seKux _d _c\"><span class=\"biGQs _P pZUbB KxBGd\">\u00c9 aconselh\u00e1vel que voc\u00ea n\u00e3o reserve passeios no mesmo dia, com hor\u00e1rios pr\u00f3ximos<br \/>\n<\/span><\/li>\n<li class=\"seKux _d _c\"><span class=\"biGQs _P pZUbB KxBGd\">Aviso importante para reservas de \u00faltima hora (no mesmo dia ou de um dia para o outro): em caso de falta de vagas, o cliente ser\u00e1 colocado no dia seguinte \u00e0 data reservada<\/span><\/li>\n<\/ul>\n<\/div>\n<\/div>\n","protected":false},"excerpt":{"rendered":"<h2 class=\"biGQs _P fiohW qWPrE ncFvv EVnyE\" data-automation=\"mainH1\"><strong>Explore o Vaticano com um especialista em arte<\/strong><\/h2>\n<p>Pule a linha! O Tour Vaticano e Capela Sistina \u00e9 uma viagem guiada pela Cidade do Vaticano, destacando obras-primas de Michelangelo, Rafael e Bernini. Um especialista em arte e cultura do Vaticano fornece informa\u00e7\u00f5es detalhadas sobre essas obras. O \u00e1pice do passeio \u00e9 a Capela Sistina, onde o teto de Michelangelo, incluindo o Ju\u00edzo Final, \u00e9 uma vis\u00e3o inesquec\u00edvel. Esta experi\u00eancia vai al\u00e9m da cultura, explorando a sua dimens\u00e3o espiritual e a riqueza da cultura cat\u00f3lica. Imperd\u00edvel para os amantes da arte e da cultura, uma oportunidade \u00fanica.<\/p>\n<style>\n        .botao {<br \/>            display: inline-block;<br \/>            padding: 10px 20px;<br \/>            background-color: #007bff; \/* Cor de fundo do bot\u00e3o *\/<br \/>            color: #fff; \/* Cor do texto do bot\u00e3o *\/<br \/>            text-decoration: none; \/* Remover sublinhado padr\u00e3o de links *\/<br \/>            border: none; \/* Remover borda padr\u00e3o *\/<br \/>            border-radius: 5px; \/* Cantos arredondados *\/<br \/>        }<br \/>    <\/style>\n<p><a class=\"botao\" href=\"mailto:movepasseios@gmail.com\">Reserve<\/a><\/p>\n","protected":false},"featured_media":682,"comment_status":"open","ping_status":"closed","template":"","meta":{"_uag_custom_page_level_css":"","site-sidebar-layout":"default","site-content-layout":"default","ast-site-content-layout":"default","site-content-style":"default","site-sidebar-style":"default","ast-global-header-display":"","ast-banner-title-visibility":"","ast-main-header-display":"","ast-hfb-above-header-display":"","ast-hfb-below-header-display":"","ast-hfb-mobile-header-display":"","site-post-title":"","ast-breadcrumbs-content":"","ast-featured-img":"","footer-sml-layout":"","ast-disable-related-posts":"","theme-transparent-header-meta":"default","adv-header-id-meta":"","stick-header-meta":"","header-above-stick-meta":"","header-main-stick-meta":"","header-below-stick-meta":"","astra-migrate-meta-layouts":"set","ast-page-background-enabled":"default","ast-page-background-meta":{"desktop":{"background-color":"","background-image":"","background-repeat":"repeat","background-position":"center center","background-size":"auto","background-attachment":"scroll","background-type":"","background-media":"","overlay-type":"","overlay-color":"","overlay-opacity":"","overlay-gradient":""},"tablet":{"background-color":"","background-image":"","background-repeat":"repeat","background-position":"center center","background-size":"auto","background-attachment":"scroll","background-type":"","background-media":"","overlay-type":"","overlay-color":"","overlay-opacity":"","overlay-gradient":""},"mobile":{"background-color":"","background-image":"","background-repeat":"repeat","background-position":"center center","background-size":"auto","background-attachment":"scroll","background-type":"","background-media":"","overlay-type":"","overlay-color":"","overlay-opacity":"","overlay-gradient":""}},"ast-content-background-meta":{"desktop":{"background-color":"var(--ast-global-color-5)","background-image":"","background-repeat":"repeat","background-position":"center center","background-size":"auto","background-attachment":"scroll","background-type":"","background-media":"","overlay-type":"","overlay-color":"","overlay-opacity":"","overlay-gradient":""},"tablet":{"background-color":"var(--ast-global-color-5)","background-image":"","background-repeat":"repeat","background-position":"center center","background-size":"auto","background-attachment":"scroll","background-type":"","background-media":"","overlay-type":"","overlay-color":"","overlay-opacity":"","overlay-gradient":""},"mobile":{"background-color":"var(--ast-global-color-5)","background-image":"","background-repeat":"repeat","background-position":"center center","background-size":"auto","background-attachment":"scroll","background-type":"","background-media":"","overlay-type":"","overlay-color":"","overlay-opacity":"","overlay-gradient":""}}},"product_brand":[],"product_cat":[20],"product_tag":[],"class_list":{"0":"post-676","1":"product","2":"type-product","3":"status-publish","4":"has-post-thumbnail","6":"product_cat-roma","7":"desktop-align-left","8":"tablet-align-left","9":"mobile-align-left","11":"first","12":"instock","13":"shipping-taxable","14":"product-type-simple"},"uagb_featured_image_src":{"full":["https:\/\/movetoursp.com\/wp-content\/uploads\/2024\/06\/Blogpost-Museus-do-Vaticano.png",2048,1537,false],"thumbnail":["https:\/\/movetoursp.com\/wp-content\/uploads\/2024\/06\/Blogpost-Museus-do-Vaticano-150x150.png",150,150,true],"medium":["https:\/\/movetoursp.com\/wp-content\/uploads\/2024\/06\/Blogpost-Museus-do-Vaticano-300x225.png",300,225,true],"medium_large":["https:\/\/movetoursp.com\/wp-content\/uploads\/2024\/06\/Blogpost-Museus-do-Vaticano-768x576.png",768,576,true],"large":["https:\/\/movetoursp.com\/wp-content\/uploads\/2024\/06\/Blogpost-Museus-do-Vaticano-1024x769.png",1024,769,true],"master_addons_team_thumb":["https:\/\/movetoursp.com\/wp-content\/uploads\/2024\/06\/Blogpost-Museus-do-Vaticano-250x330.png",250,330,true],"1536x1536":["https:\/\/movetoursp.com\/wp-content\/uploads\/2024\/06\/Blogpost-Museus-do-Vaticano-1536x1153.png",1536,1153,true],"2048x2048":["https:\/\/movetoursp.com\/wp-content\/uploads\/2024\/06\/Blogpost-Museus-do-Vaticano.png",2048,1537,false],"woocommerce_thumbnail":["https:\/\/movetoursp.com\/wp-content\/uploads\/2024\/06\/Blogpost-Museus-do-Vaticano-300x300.png",300,300,true],"woocommerce_single":["https:\/\/movetoursp.com\/wp-content\/uploads\/2024\/06\/Blogpost-Museus-do-Vaticano-600x450.png",600,450,true],"woocommerce_gallery_thumbnail":["https:\/\/movetoursp.com\/wp-content\/uploads\/2024\/06\/Blogpost-Museus-do-Vaticano-100x100.png",100,100,true]},"uagb_author_info":{"display_name":"movetoursp.com","author_link":"https:\/\/movetoursp.com\/index.php\/author\/"},"uagb_comment_info":2,"uagb_excerpt":"Explore o Vaticano com um especialista em arte Pule a linha! O Tour Vaticano e Capela Sistina \u00e9 uma viagem guiada pela Cidade do Vaticano, destacando obras-primas de Michelangelo, Rafael e Bernini. Um especialista em arte e cultura do Vaticano fornece informa\u00e7\u00f5es detalhadas sobre essas obras. O \u00e1pice do passeio \u00e9 a Capela Sistina, onde&hellip;","_links":{"self":[{"href":"https:\/\/movetoursp.com\/index.php\/wp-json\/wp\/v2\/product\/676","targetHints":{"allow":["GET"]}}],"collection":[{"href":"https:\/\/movetoursp.com\/index.php\/wp-json\/wp\/v2\/product"}],"about":[{"href":"https:\/\/movetoursp.com\/index.php\/wp-json\/wp\/v2\/types\/product"}],"replies":[{"embeddable":true,"href":"https:\/\/movetoursp.com\/index.php\/wp-json\/wp\/v2\/comments?post=676"}],"wp:featuredmedia":[{"embeddable":true,"href":"https:\/\/movetoursp.com\/index.php\/wp-json\/wp\/v2\/media\/682"}],"wp:attachment":[{"href":"https:\/\/movetoursp.com\/index.php\/wp-json\/wp\/v2\/media?parent=676"}],"wp:term":[{"taxonomy":"product_brand","embeddable":true,"href":"https:\/\/movetoursp.com\/index.php\/wp-json\/wp\/v2\/product_brand?post=676"},{"taxonomy":"product_cat","embeddable":true,"href":"https:\/\/movetoursp.com\/index.php\/wp-json\/wp\/v2\/product_cat?post=676"},{"taxonomy":"product_tag","embeddable":true,"href":"https:\/\/movetoursp.com\/index.php\/wp-json\/wp\/v2\/product_tag?post=676"}],"curies":[{"name":"wp","href":"https:\/\/api.w.org\/{rel}","templated":true}]}}