{"id":571,"date":"2023-06-30T10:15:30","date_gmt":"2023-06-30T13:15:30","guid":{"rendered":"https:\/\/movetoursp.com\/?post_type=product&#038;p=571"},"modified":"2026-04-14T02:01:54","modified_gmt":"2026-04-14T05:01:54","slug":"santos-e-guaruja","status":"publish","type":"product","link":"https:\/\/movetoursp.com\/index.php\/produto\/santos-e-guaruja\/","title":{"rendered":"Tour de um dia para Santos e Guaruj\u00e1"},"content":{"rendered":"<p><strong>Inclui:<\/strong><\/p>\n<ul>\n<li class=\"seKux _d _c\"><span class=\"biGQs _P pZUbB KxBGd\">Ve\u00edculo com ar-condicionado<\/span><\/li>\n<li class=\"seKux _d _c\"><span class=\"biGQs _P pZUbB KxBGd\">Guia Bilingue<\/span><\/li>\n<li class=\"seKux _d _c\"><span class=\"biGQs _P pZUbB KxBGd\">Bilhete de bonde<\/span><\/li>\n<\/ul>\n<p><strong>N\u00e3o inclui<\/strong><\/p>\n<ul>\n<li class=\"seKux _d _c\"><span class=\"biGQs _P pZUbB KxBGd\">Alimentos e Bebidas<\/span><\/li>\n<li class=\"seKux _d _c\"><span class=\"biGQs _P pZUbB KxBGd\">Bilhete de telef\u00e9rico<\/span><\/li>\n<\/ul>\n<hr \/>\n<div class=\"tyUdl\">\n<div class=\"biGQs _P fiohW ncFvv fOtGX\"><strong>Detalhes da partida<\/strong><\/div>\n<ul>\n<li class=\"seKux _d _c\"><span class=\"biGQs _P pZUbB KxBGd\">Oferece traslado.<\/span><\/li>\n<li class=\"seKux _d _c\"><span class=\"biGQs _P pZUbB KxBGd\">Oferece traslado do hotel. Confira a lista de pontos de encontro na p\u00e1gina de pagamento para saber se o seu hotel est\u00e1 inclu\u00eddo.<\/span><\/li>\n<\/ul>\n<\/div>\n<div class=\"tyUdl\">\n<div class=\"biGQs _P fiohW ncFvv fOtGX\"><strong>Detalhes da volta<\/strong><\/div>\n<ul>\n<li class=\"seKux _d _c\"><span class=\"biGQs _P pZUbB KxBGd\">Retorna ao ponto de partida original<\/span><\/li>\n<\/ul>\n<\/div>\n<hr \/>\n<div id=\"fl-accordion-63500a38ab6d3-tab-3\" class=\"fl-accordion-button\" tabindex=\"0\" role=\"tab\" aria-selected=\"false\" aria-controls=\"fl-accordion-63500a38ab6d3-panel-3\" aria-expanded=\"true\"><strong>Acessibilidade<\/strong><\/div>\n<div id=\"fl-accordion-63500a38ab6d3-panel-3\" class=\"fl-accordion-content fl-clearfix\" role=\"tabpanel\" aria-labelledby=\"fl-accordion-63500a38ab6d3-tab-3\" aria-hidden=\"false\" aria-live=\"polite\">\n<div class=\"tyUdl\">\n<ul class=\"IMSns\">\n<li class=\"seKux _d _c\"><span class=\"biGQs _P pZUbB KxBGd\">Sem acessibilidade para cadeira de rodas<\/span><\/li>\n<li class=\"seKux _d _c\"><span class=\"biGQs _P pZUbB KxBGd\">Beb\u00eas devem permanecer no colo<\/span><\/li>\n<li class=\"seKux _d _c\"><span class=\"biGQs _P pZUbB KxBGd\">Cadeiras para beb\u00ea dispon\u00edveis<\/span><\/li>\n<\/ul>\n<hr \/>\n<p><strong>Mais informa\u00e7\u00f5es<\/strong><\/p>\n<ul class=\"IMSns\">\n<li class=\"seKux _d _c\"><span class=\"biGQs _P pZUbB KxBGd\">A confirma\u00e7\u00e3o ser\u00e1 recebida no momento da reserva<\/span><\/li>\n<li class=\"seKux _d _c\"><span class=\"biGQs _P pZUbB KxBGd\">Este passeio precisa de um m\u00ednimo de 3 pessoas para ocorrer<\/span><\/li>\n<li class=\"seKux _d _c\"><span class=\"biGQs _P pZUbB KxBGd\">A maioria dos viajantes est\u00e1 apta a participar<\/span><\/li>\n<li class=\"seKux _d _c\"><span class=\"biGQs _P pZUbB KxBGd\">Esta experi\u00eancia requer um n\u00famero m\u00ednimo de pessoas. Caso seja cancelada por falta de viajantes, ofereceremos uma data\/experi\u00eancia diferente ou o reembolso integral<\/span><\/li>\n<li class=\"seKux _d _c\"><span class=\"biGQs _P pZUbB KxBGd\">Esta excurs\u00e3o\/atividade ter\u00e1 at\u00e9 20 viajantes<\/span><\/li>\n<\/ul>\n<\/div>\n<\/div>\n","protected":false},"excerpt":{"rendered":"<h2 class=\"biGQs _P fiohW qWPrE ncFvv EVnyE\" data-automation=\"mainH1\"><strong>Tour de um dia para Santos e Guaruj\u00e1<\/strong><\/h2>\n<p>Conhe\u00e7a o litoral brasileiro em uma excurs\u00e3o em grupo a Santos e Guaruj\u00e1. Transporte confort\u00e1vel e eficiente do seu hotel em S\u00e3o Paulo leva voc\u00ea a Santos. Aqui, desfrute de uma parada no Museu do Caf\u00e9, um passeio de bonde e um passeio de telef\u00e9rico. Depois de apreciar as vistas incompar\u00e1veis do Mirante da Campina, visite as famosas praias locais e aproveite o tempo livre para relaxar, fazer compras e almo\u00e7ar (por conta do visitante).<\/p>\n<style>\n        .botao {\n            display: inline-block;\n            padding: 10px 20px;\n            background-color: #007bff; \/* Cor de fundo do bot\u00e3o *\/\n            color: #fff; \/* Cor do texto do bot\u00e3o *\/\n            text-decoration: none; \/* Remover sublinhado padr\u00e3o de links *\/\n            border: none; \/* Remover borda padr\u00e3o *\/\n            border-radius: 5px; \/* Cantos arredondados *\/\n        }\n    <\/style>\n<p><a href=\"mailto:movepasseios@gmail.com\" class=\"botao\">Reserve<\/a><br \/>\n<\/body><\/p>\n","protected":false},"featured_media":572,"comment_status":"open","ping_status":"closed","template":"","meta":{"_uag_custom_page_level_css":"","site-sidebar-layout":"default","site-content-layout":"default","ast-site-content-layout":"default","site-content-style":"default","site-sidebar-style":"default","ast-global-header-display":"","ast-banner-title-visibility":"","ast-main-header-display":"","ast-hfb-above-header-display":"","ast-hfb-below-header-display":"","ast-hfb-mobile-header-display":"","site-post-title":"","ast-breadcrumbs-content":"","ast-featured-img":"","footer-sml-layout":"","ast-disable-related-posts":"","theme-transparent-header-meta":"default","adv-header-id-meta":"","stick-header-meta":"","header-above-stick-meta":"","header-main-stick-meta":"","header-below-stick-meta":"","astra-migrate-meta-layouts":"set","ast-page-background-enabled":"default","ast-page-background-meta":{"desktop":{"background-color":"","background-image":"","background-repeat":"repeat","background-position":"center center","background-size":"auto","background-attachment":"scroll","background-type":"","background-media":"","overlay-type":"","overlay-color":"","overlay-opacity":"","overlay-gradient":""},"tablet":{"background-color":"","background-image":"","background-repeat":"repeat","background-position":"center center","background-size":"auto","background-attachment":"scroll","background-type":"","background-media":"","overlay-type":"","overlay-color":"","overlay-opacity":"","overlay-gradient":""},"mobile":{"background-color":"","background-image":"","background-repeat":"repeat","background-position":"center center","background-size":"auto","background-attachment":"scroll","background-type":"","background-media":"","overlay-type":"","overlay-color":"","overlay-opacity":"","overlay-gradient":""}},"ast-content-background-meta":{"desktop":{"background-color":"var(--ast-global-color-5)","background-image":"","background-repeat":"repeat","background-position":"center center","background-size":"auto","background-attachment":"scroll","background-type":"","background-media":"","overlay-type":"","overlay-color":"","overlay-opacity":"","overlay-gradient":""},"tablet":{"background-color":"var(--ast-global-color-5)","background-image":"","background-repeat":"repeat","background-position":"center center","background-size":"auto","background-attachment":"scroll","background-type":"","background-media":"","overlay-type":"","overlay-color":"","overlay-opacity":"","overlay-gradient":""},"mobile":{"background-color":"var(--ast-global-color-5)","background-image":"","background-repeat":"repeat","background-position":"center center","background-size":"auto","background-attachment":"scroll","background-type":"","background-media":"","overlay-type":"","overlay-color":"","overlay-opacity":"","overlay-gradient":""}}},"product_brand":[],"product_cat":[18],"product_tag":[],"class_list":{"0":"post-571","1":"product","2":"type-product","3":"status-publish","4":"has-post-thumbnail","6":"product_cat-sao-paulo","7":"desktop-align-left","8":"tablet-align-left","9":"mobile-align-left","11":"first","12":"instock","13":"shipping-taxable","14":"purchasable","15":"product-type-simple"},"uagb_featured_image_src":{"full":["https:\/\/movetoursp.com\/wp-content\/uploads\/2023\/06\/guaruja-sao-paulo.jpg",1280,720,false],"thumbnail":["https:\/\/movetoursp.com\/wp-content\/uploads\/2023\/06\/guaruja-sao-paulo-150x150.jpg",150,150,true],"medium":["https:\/\/movetoursp.com\/wp-content\/uploads\/2023\/06\/guaruja-sao-paulo-300x169.jpg",300,169,true],"medium_large":["https:\/\/movetoursp.com\/wp-content\/uploads\/2023\/06\/guaruja-sao-paulo-768x432.jpg",768,432,true],"large":["https:\/\/movetoursp.com\/wp-content\/uploads\/2023\/06\/guaruja-sao-paulo-1024x576.jpg",1024,576,true],"master_addons_team_thumb":["https:\/\/movetoursp.com\/wp-content\/uploads\/2023\/06\/guaruja-sao-paulo.jpg",250,141,false],"1536x1536":["https:\/\/movetoursp.com\/wp-content\/uploads\/2023\/06\/guaruja-sao-paulo.jpg",1280,720,false],"2048x2048":["https:\/\/movetoursp.com\/wp-content\/uploads\/2023\/06\/guaruja-sao-paulo.jpg",1280,720,false],"woocommerce_thumbnail":["https:\/\/movetoursp.com\/wp-content\/uploads\/2023\/06\/guaruja-sao-paulo-300x300.jpg",300,300,true],"woocommerce_single":["https:\/\/movetoursp.com\/wp-content\/uploads\/2023\/06\/guaruja-sao-paulo-600x338.jpg",600,338,true],"woocommerce_gallery_thumbnail":["https:\/\/movetoursp.com\/wp-content\/uploads\/2023\/06\/guaruja-sao-paulo-100x100.jpg",100,100,true]},"uagb_author_info":{"display_name":"movetoursp.com","author_link":"https:\/\/movetoursp.com\/index.php\/author\/"},"uagb_comment_info":17,"uagb_excerpt":"Tour de um dia para Santos e Guaruj\u00e1 Conhe\u00e7a o litoral brasileiro em uma excurs\u00e3o em grupo a Santos e Guaruj\u00e1. Transporte confort\u00e1vel e eficiente do seu hotel em S\u00e3o Paulo leva voc\u00ea a Santos. Aqui, desfrute de uma parada no Museu do Caf\u00e9, um passeio de bonde e um passeio de telef\u00e9rico. Depois de&hellip;","_links":{"self":[{"href":"https:\/\/movetoursp.com\/index.php\/wp-json\/wp\/v2\/product\/571","targetHints":{"allow":["GET"]}}],"collection":[{"href":"https:\/\/movetoursp.com\/index.php\/wp-json\/wp\/v2\/product"}],"about":[{"href":"https:\/\/movetoursp.com\/index.php\/wp-json\/wp\/v2\/types\/product"}],"replies":[{"embeddable":true,"href":"https:\/\/movetoursp.com\/index.php\/wp-json\/wp\/v2\/comments?post=571"}],"wp:featuredmedia":[{"embeddable":true,"href":"https:\/\/movetoursp.com\/index.php\/wp-json\/wp\/v2\/media\/572"}],"wp:attachment":[{"href":"https:\/\/movetoursp.com\/index.php\/wp-json\/wp\/v2\/media?parent=571"}],"wp:term":[{"taxonomy":"product_brand","embeddable":true,"href":"https:\/\/movetoursp.com\/index.php\/wp-json\/wp\/v2\/product_brand?post=571"},{"taxonomy":"product_cat","embeddable":true,"href":"https:\/\/movetoursp.com\/index.php\/wp-json\/wp\/v2\/product_cat?post=571"},{"taxonomy":"product_tag","embeddable":true,"href":"https:\/\/movetoursp.com\/index.php\/wp-json\/wp\/v2\/product_tag?post=571"}],"curies":[{"name":"wp","href":"https:\/\/api.w.org\/{rel}","templated":true}]}}