{"id":567,"date":"2023-06-30T10:03:10","date_gmt":"2023-06-30T13:03:10","guid":{"rendered":"https:\/\/movetoursp.com\/?post_type=product&#038;p=567"},"modified":"2026-04-14T02:38:31","modified_gmt":"2026-04-14T05:38:31","slug":"casa-do-povo-tour-guiado-pela-neo-quimica-arena","status":"publish","type":"product","link":"https:\/\/movetoursp.com\/index.php\/produto\/casa-do-povo-tour-guiado-pela-neo-quimica-arena\/","title":{"rendered":"Casa do Povo: tour guiado pela Neo Qu\u00edmica Arena"},"content":{"rendered":"<p><strong>Inclui:<\/strong><\/p>\n<ul>\n<li class=\"seKux _d _c\"><span class=\"biGQs _P pZUbB KxBGd\">Tour Guiado<\/span><\/li>\n<li class=\"seKux _d _c\"><span class=\"biGQs _P pZUbB KxBGd\">Acesso aos Banheiros e Lanchonete<\/span><\/li>\n<li class=\"seKux _d _c\"><span class=\"biGQs _P pZUbB KxBGd\">Acesso ao banco de reservas\/\u00e1rea t\u00e9cnica<\/span><\/li>\n<li class=\"seKux _d _c\"><span class=\"biGQs _P pZUbB KxBGd\">Entrada \u2013 Neo Quimica Arena<\/span><\/li>\n<\/ul>\n<p><strong>N\u00e3o inclui<\/strong><\/p>\n<ul>\n<li class=\"seKux _d _c\"><span class=\"biGQs _P pZUbB KxBGd\">Estacionamento a parte<\/span><\/li>\n<li class=\"seKux _d _c\"><span class=\"biGQs _P pZUbB KxBGd\">Ingresso para jogos<\/span><\/li>\n<\/ul>\n<hr \/>\n<div class=\"tyUdl\">\n<div class=\"biGQs _P fiohW ncFvv fOtGX\"><strong>Detalhes da partida<\/strong><\/div>\n<ul>\n<li class=\"seKux _d _c\">&#8211;<\/li>\n<\/ul>\n<\/div>\n<div class=\"tyUdl\">\n<div class=\"biGQs _P fiohW ncFvv fOtGX\"><strong>Detalhes da volta<\/strong><\/div>\n<ul>\n<li class=\"seKux _d _c\"><span class=\"biGQs _P pZUbB KxBGd\">&#8211;<\/span><\/li>\n<\/ul>\n<\/div>\n<hr \/>\n<div id=\"fl-accordion-63500a38ab6d3-tab-3\" class=\"fl-accordion-button\" tabindex=\"0\" role=\"tab\" aria-selected=\"false\" aria-controls=\"fl-accordion-63500a38ab6d3-panel-3\" aria-expanded=\"true\"><strong>Acessibilidade<\/strong><\/div>\n<div id=\"fl-accordion-63500a38ab6d3-panel-3\" class=\"fl-accordion-content fl-clearfix\" role=\"tabpanel\" aria-labelledby=\"fl-accordion-63500a38ab6d3-tab-3\" aria-hidden=\"false\" aria-live=\"polite\">\n<div class=\"tyUdl\">\n<ul class=\"IMSns\">\n<li class=\"seKux _d _c\"><span class=\"biGQs _P pZUbB KxBGd\">Acessibilidade para cadeirantes<\/span><\/li>\n<li class=\"seKux _d _c\"><span class=\"biGQs _P pZUbB KxBGd\">Acess\u00edvel para carrinhos de beb\u00ea<\/span><\/li>\n<li class=\"seKux _d _c\"><span class=\"biGQs _P pZUbB KxBGd\">Aceita animais de servi\u00e7o<\/span><\/li>\n<li class=\"seKux _d _c\"><span class=\"biGQs _P pZUbB KxBGd\">Perto de transporte p\u00fablico<\/span><\/li>\n<li class=\"seKux _d _c\"><span class=\"biGQs _P pZUbB KxBGd\">Transporte acess\u00edvel para cadeirantes<\/span><\/li>\n<li class=\"seKux _d _c\"><span class=\"biGQs _P pZUbB KxBGd\">Instala\u00e7\u00f5es acess\u00edveis para cadeirantes<\/span><\/li>\n<\/ul>\n<hr \/>\n<p><strong>Mais informa\u00e7\u00f5es<\/strong><\/p>\n<ul class=\"IMSns\">\n<li class=\"seKux _d _c\"><span class=\"biGQs _P pZUbB KxBGd\">A confirma\u00e7\u00e3o ser\u00e1 recebida no momento da reserva<\/span><\/li>\n<li class=\"seKux _d _c\"><span class=\"biGQs _P pZUbB KxBGd\">A maioria dos viajantes est\u00e1 apta a participar<\/span><\/li>\n<\/ul>\n<\/div>\n<\/div>\n","protected":false},"excerpt":{"rendered":"<h3 class=\"biGQs _P fiohW qWPrE ncFvv EVnyE\" data-automation=\"mainH1\"><strong>Casa do Povo: tour guiado pela Neo Qu\u00edmica Arena<\/strong><\/h3>\n<p>Durante cerca de uma hora e dez de passeio, os visitantes conhecem locais que geralmente s\u00e3o frequentados apenas pelos jogadores e comiss\u00e3o t\u00e9cnica: &#8211; Vesti\u00e1rios &#8211; Sala de pr\u00e9-aquecimento &#8211; Banco de reservas e \u00e1rea t\u00e9cnica Tamb\u00e9m conhecer\u00e1 \u00e1reas comuns: &#8211; \u00c1trio &#8211; Camarote &#8211; Business Lounge &#8211; Sala de imprensa Tudo isso com um olhar voltado para a funcionalidade, curiosidade, e claro, muita emo\u00e7\u00e3o!<\/p>\n<style>\n        .botao {\n            display: inline-block;\n            padding: 10px 20px;\n            background-color: #007bff; \/* Cor de fundo do bot\u00e3o *\/\n            color: #fff; \/* Cor do texto do bot\u00e3o *\/\n            text-decoration: none; \/* Remover sublinhado padr\u00e3o de links *\/\n            border: none; \/* Remover borda padr\u00e3o *\/\n            border-radius: 5px; \/* Cantos arredondados *\/\n        }\n    <\/style>\n<p><a href=\"mailto:movepasseios@gmail.com\" class=\"botao\">Reserve<\/a><br \/>\n<\/body><\/p>\n","protected":false},"featured_media":570,"comment_status":"open","ping_status":"closed","template":"","meta":{"_uag_custom_page_level_css":"","site-sidebar-layout":"default","site-content-layout":"default","ast-site-content-layout":"default","site-content-style":"default","site-sidebar-style":"default","ast-global-header-display":"","ast-banner-title-visibility":"","ast-main-header-display":"","ast-hfb-above-header-display":"","ast-hfb-below-header-display":"","ast-hfb-mobile-header-display":"","site-post-title":"","ast-breadcrumbs-content":"","ast-featured-img":"","footer-sml-layout":"","ast-disable-related-posts":"","theme-transparent-header-meta":"default","adv-header-id-meta":"","stick-header-meta":"","header-above-stick-meta":"","header-main-stick-meta":"","header-below-stick-meta":"","astra-migrate-meta-layouts":"set","ast-page-background-enabled":"default","ast-page-background-meta":{"desktop":{"background-color":"","background-image":"","background-repeat":"repeat","background-position":"center center","background-size":"auto","background-attachment":"scroll","background-type":"","background-media":"","overlay-type":"","overlay-color":"","overlay-opacity":"","overlay-gradient":""},"tablet":{"background-color":"","background-image":"","background-repeat":"repeat","background-position":"center center","background-size":"auto","background-attachment":"scroll","background-type":"","background-media":"","overlay-type":"","overlay-color":"","overlay-opacity":"","overlay-gradient":""},"mobile":{"background-color":"","background-image":"","background-repeat":"repeat","background-position":"center center","background-size":"auto","background-attachment":"scroll","background-type":"","background-media":"","overlay-type":"","overlay-color":"","overlay-opacity":"","overlay-gradient":""}},"ast-content-background-meta":{"desktop":{"background-color":"var(--ast-global-color-5)","background-image":"","background-repeat":"repeat","background-position":"center center","background-size":"auto","background-attachment":"scroll","background-type":"","background-media":"","overlay-type":"","overlay-color":"","overlay-opacity":"","overlay-gradient":""},"tablet":{"background-color":"var(--ast-global-color-5)","background-image":"","background-repeat":"repeat","background-position":"center center","background-size":"auto","background-attachment":"scroll","background-type":"","background-media":"","overlay-type":"","overlay-color":"","overlay-opacity":"","overlay-gradient":""},"mobile":{"background-color":"var(--ast-global-color-5)","background-image":"","background-repeat":"repeat","background-position":"center center","background-size":"auto","background-attachment":"scroll","background-type":"","background-media":"","overlay-type":"","overlay-color":"","overlay-opacity":"","overlay-gradient":""}}},"product_brand":[],"product_cat":[18],"product_tag":[],"class_list":{"0":"post-567","1":"product","2":"type-product","3":"status-publish","4":"has-post-thumbnail","6":"product_cat-sao-paulo","7":"desktop-align-left","8":"tablet-align-left","9":"mobile-align-left","11":"first","12":"instock","13":"shipping-taxable","14":"purchasable","15":"product-type-simple"},"uagb_featured_image_src":{"full":["https:\/\/movetoursp.com\/wp-content\/uploads\/2023\/06\/thumbnail-neo-quimica-arena-recebe-novas-pinturas-de-teto-1.jpg",798,532,false],"thumbnail":["https:\/\/movetoursp.com\/wp-content\/uploads\/2023\/06\/thumbnail-neo-quimica-arena-recebe-novas-pinturas-de-teto-1-150x150.jpg",150,150,true],"medium":["https:\/\/movetoursp.com\/wp-content\/uploads\/2023\/06\/thumbnail-neo-quimica-arena-recebe-novas-pinturas-de-teto-1-300x200.jpg",300,200,true],"medium_large":["https:\/\/movetoursp.com\/wp-content\/uploads\/2023\/06\/thumbnail-neo-quimica-arena-recebe-novas-pinturas-de-teto-1-768x512.jpg",768,512,true],"large":["https:\/\/movetoursp.com\/wp-content\/uploads\/2023\/06\/thumbnail-neo-quimica-arena-recebe-novas-pinturas-de-teto-1.jpg",798,532,false],"master_addons_team_thumb":["https:\/\/movetoursp.com\/wp-content\/uploads\/2023\/06\/thumbnail-neo-quimica-arena-recebe-novas-pinturas-de-teto-1.jpg",250,167,false],"1536x1536":["https:\/\/movetoursp.com\/wp-content\/uploads\/2023\/06\/thumbnail-neo-quimica-arena-recebe-novas-pinturas-de-teto-1.jpg",798,532,false],"2048x2048":["https:\/\/movetoursp.com\/wp-content\/uploads\/2023\/06\/thumbnail-neo-quimica-arena-recebe-novas-pinturas-de-teto-1.jpg",798,532,false],"woocommerce_thumbnail":["https:\/\/movetoursp.com\/wp-content\/uploads\/2023\/06\/thumbnail-neo-quimica-arena-recebe-novas-pinturas-de-teto-1-300x300.jpg",300,300,true],"woocommerce_single":["https:\/\/movetoursp.com\/wp-content\/uploads\/2023\/06\/thumbnail-neo-quimica-arena-recebe-novas-pinturas-de-teto-1-600x400.jpg",600,400,true],"woocommerce_gallery_thumbnail":["https:\/\/movetoursp.com\/wp-content\/uploads\/2023\/06\/thumbnail-neo-quimica-arena-recebe-novas-pinturas-de-teto-1-100x100.jpg",100,100,true]},"uagb_author_info":{"display_name":"movetoursp.com","author_link":"https:\/\/movetoursp.com\/index.php\/author\/"},"uagb_comment_info":12,"uagb_excerpt":"Casa do Povo: tour guiado pela Neo Qu\u00edmica Arena Durante cerca de uma hora e dez de passeio, os visitantes conhecem locais que geralmente s\u00e3o frequentados apenas pelos jogadores e comiss\u00e3o t\u00e9cnica: - Vesti\u00e1rios - Sala de pr\u00e9-aquecimento - Banco de reservas e \u00e1rea t\u00e9cnica Tamb\u00e9m conhecer\u00e1 \u00e1reas comuns: - \u00c1trio - Camarote - Business&hellip;","_links":{"self":[{"href":"https:\/\/movetoursp.com\/index.php\/wp-json\/wp\/v2\/product\/567","targetHints":{"allow":["GET"]}}],"collection":[{"href":"https:\/\/movetoursp.com\/index.php\/wp-json\/wp\/v2\/product"}],"about":[{"href":"https:\/\/movetoursp.com\/index.php\/wp-json\/wp\/v2\/types\/product"}],"replies":[{"embeddable":true,"href":"https:\/\/movetoursp.com\/index.php\/wp-json\/wp\/v2\/comments?post=567"}],"wp:featuredmedia":[{"embeddable":true,"href":"https:\/\/movetoursp.com\/index.php\/wp-json\/wp\/v2\/media\/570"}],"wp:attachment":[{"href":"https:\/\/movetoursp.com\/index.php\/wp-json\/wp\/v2\/media?parent=567"}],"wp:term":[{"taxonomy":"product_brand","embeddable":true,"href":"https:\/\/movetoursp.com\/index.php\/wp-json\/wp\/v2\/product_brand?post=567"},{"taxonomy":"product_cat","embeddable":true,"href":"https:\/\/movetoursp.com\/index.php\/wp-json\/wp\/v2\/product_cat?post=567"},{"taxonomy":"product_tag","embeddable":true,"href":"https:\/\/movetoursp.com\/index.php\/wp-json\/wp\/v2\/product_tag?post=567"}],"curies":[{"name":"wp","href":"https:\/\/api.w.org\/{rel}","templated":true}]}}