{"id":554,"date":"2023-06-29T18:34:41","date_gmt":"2023-06-29T21:34:41","guid":{"rendered":"https:\/\/movetoursp.com\/?post_type=product&#038;p=554"},"modified":"2026-01-04T20:43:52","modified_gmt":"2026-01-04T23:43:52","slug":"voo-de-helicoptero-de-20-minutos-sobre-a-cidade-de-sao-paulo","status":"publish","type":"product","link":"https:\/\/movetoursp.com\/index.php\/produto\/voo-de-helicoptero-de-20-minutos-sobre-a-cidade-de-sao-paulo\/","title":{"rendered":"Voo de helic\u00f3ptero de 20 minutos sobre a cidade de S\u00e3o Paulo"},"content":{"rendered":"<p><strong>Inclui:<\/strong><\/p>\n<ul>\n<li class=\"seKux _d _c\"><span class=\"biGQs _P pZUbB KxBGd\">Fones de ouvido especiais para comunica\u00e7\u00e3o<\/span><\/li>\n<li class=\"seKux _d _c\"><span class=\"biGQs _P pZUbB KxBGd\">Caf\u00e9 e\/ou ch\u00e1<\/span><\/li>\n<\/ul>\n<p><strong>N\u00e3o inclui<\/strong><\/p>\n<ul>\n<li class=\"seKux _d _c\"><span class=\"biGQs _P pZUbB KxBGd\">Lanches<\/span><\/li>\n<\/ul>\n<hr \/>\n<div class=\"tyUdl\">\n<div class=\"biGQs _P fiohW ncFvv fOtGX\"><strong>Detalhes da partida<\/strong><\/div>\n<ul>\n<li class=\"seKux _d _c\"><span class=\"biGQs _P pZUbB KxBGd\">Passeios de Helic\u00f3ptero Welift, Av. Olavo Fontoura, 1078 &#8211; Lote 9 &#8211; Setor D, S\u00e3o Paulo &#8211; SP, 02012-021 WELIFT &#8211; Sala 01 &#8211; Santana, S\u00e3o Paulo &#8211; SP, 02022-011, Brazil Estamos localizados dentro do aeroporto Campo de Marte na zona norte de S\u00e3o Paulo! Para chegar ao nosso hangar basta entrar no aeroporto e ir at\u00e9 a se\u00e7\u00e3o C lote 5, e entrar no hangar Helimarte temos estacionamento no local.<\/span><\/li>\n<\/ul>\n<\/div>\n<div class=\"tyUdl\">\n<div class=\"biGQs _P fiohW ncFvv fOtGX\"><strong>Detalhes da volta<\/strong><\/div>\n<ul>\n<li class=\"seKux _d _c\"><span class=\"biGQs _P pZUbB KxBGd\">Retorna ao ponto de partida original<\/span><\/li>\n<\/ul>\n<\/div>\n<hr \/>\n<div id=\"fl-accordion-63500a38ab6d3-tab-3\" class=\"fl-accordion-button\" tabindex=\"0\" role=\"tab\" aria-selected=\"false\" aria-controls=\"fl-accordion-63500a38ab6d3-panel-3\" aria-expanded=\"true\"><strong>Acessibilidade<\/strong><\/div>\n<div id=\"fl-accordion-63500a38ab6d3-panel-3\" class=\"fl-accordion-content fl-clearfix\" role=\"tabpanel\" aria-labelledby=\"fl-accordion-63500a38ab6d3-tab-3\" aria-hidden=\"false\" aria-live=\"polite\">\n<div class=\"tyUdl\">\n<ul class=\"IMSns\">\n<li class=\"seKux _d _c\"><span class=\"biGQs _P pZUbB KxBGd\">Acessibilidade para cadeirantes<\/span><\/li>\n<li class=\"seKux _d _c\"><span class=\"biGQs _P pZUbB KxBGd\">Perto de transporte p\u00fablico<\/span><\/li>\n<li class=\"seKux _d _c\"><span class=\"biGQs _P pZUbB KxBGd\">Beb\u00eas devem permanecer no colo<\/span><\/li>\n<li class=\"seKux _d _c\"><span class=\"biGQs _P pZUbB KxBGd\">Cadeiras para beb\u00ea dispon\u00edveis<\/span><\/li>\n<li class=\"seKux _d _c\"><span class=\"biGQs _P pZUbB KxBGd\">Transporte acess\u00edvel para cadeirantes<\/span><\/li>\n<li class=\"seKux _d _c\"><span class=\"biGQs _P pZUbB KxBGd\">Instala\u00e7\u00f5es acess\u00edveis para cadeirantes<\/span><\/li>\n<\/ul>\n<hr \/>\n<p><strong>Mais informa\u00e7\u00f5es<\/strong><\/p>\n<ul class=\"IMSns\">\n<li class=\"seKux _d _c\"><span class=\"biGQs _P pZUbB KxBGd\">A confirma\u00e7\u00e3o ser\u00e1 recebida no momento da reserva<\/span><\/li>\n<li class=\"seKux _d _c\"><span class=\"biGQs _P pZUbB KxBGd\">A maioria dos viajantes est\u00e1 apta a participar<\/span><\/li>\n<li class=\"seKux _d _c\"><span class=\"biGQs _P pZUbB KxBGd\">Crian\u00e7as at\u00e9 2 anos de idade devem ser mantidas pelos pais<\/span><\/li>\n<li class=\"seKux _d _c\"><span class=\"biGQs _P pZUbB KxBGd\">Esta excurs\u00e3o\/atividade \u00e9 particular. Apenas o seu grupo participar\u00e1.<\/span><\/li>\n<\/ul>\n<\/div>\n<\/div>\n","protected":false},"excerpt":{"rendered":"<h3 class=\"biGQs _P fiohW qWPrE ncFvv EVnyE\" data-automation=\"mainH1\"><strong>Voo de helic\u00f3ptero de 20 minutos sobre a cidade de S\u00e3o Paulo<\/strong><\/h3>\n<p>Sobrevoe a selva de concreto de S\u00e3o Paulo neste emocionante passeio tur\u00edstico de helic\u00f3ptero. Embarque em seu pr\u00f3prio helic\u00f3ptero e sobrevoe a cidade em expans\u00e3o. Seu piloto aponta v\u00e1rios pontos de interesse, incluindo a Avenida Paulista, o samb\u00f3dromo, o mercado municipal e o arranha-c\u00e9u Santander. Aprecie e capture fotos das vistas das janelas panor\u00e2micas do helic\u00f3ptero.<\/p>\n<style>\n        .botao {\n            display: inline-block;\n            padding: 10px 20px;\n            background-color: #007bff; \/* Cor de fundo do bot\u00e3o *\/\n            color: #fff; \/* Cor do texto do bot\u00e3o *\/\n            text-decoration: none; \/* Remover sublinhado padr\u00e3o de links *\/\n            border: none; \/* Remover borda padr\u00e3o *\/\n            border-radius: 5px; \/* Cantos arredondados *\/\n        }\n    <\/style>\n<p><a href=\"mailto:movepasseios@gmail.com\" class=\"botao\">Reserve<\/a><br \/>\n<\/body><\/p>\n","protected":false},"featured_media":562,"comment_status":"open","ping_status":"closed","template":"","meta":{"_uag_custom_page_level_css":"","site-sidebar-layout":"default","site-content-layout":"default","ast-site-content-layout":"default","site-content-style":"default","site-sidebar-style":"default","ast-global-header-display":"","ast-banner-title-visibility":"","ast-main-header-display":"","ast-hfb-above-header-display":"","ast-hfb-below-header-display":"","ast-hfb-mobile-header-display":"","site-post-title":"","ast-breadcrumbs-content":"","ast-featured-img":"","footer-sml-layout":"","ast-disable-related-posts":"","theme-transparent-header-meta":"default","adv-header-id-meta":"","stick-header-meta":"","header-above-stick-meta":"","header-main-stick-meta":"","header-below-stick-meta":"","astra-migrate-meta-layouts":"set","ast-page-background-enabled":"default","ast-page-background-meta":{"desktop":{"background-color":"","background-image":"","background-repeat":"repeat","background-position":"center center","background-size":"auto","background-attachment":"scroll","background-type":"","background-media":"","overlay-type":"","overlay-color":"","overlay-opacity":"","overlay-gradient":""},"tablet":{"background-color":"","background-image":"","background-repeat":"repeat","background-position":"center center","background-size":"auto","background-attachment":"scroll","background-type":"","background-media":"","overlay-type":"","overlay-color":"","overlay-opacity":"","overlay-gradient":""},"mobile":{"background-color":"","background-image":"","background-repeat":"repeat","background-position":"center center","background-size":"auto","background-attachment":"scroll","background-type":"","background-media":"","overlay-type":"","overlay-color":"","overlay-opacity":"","overlay-gradient":""}},"ast-content-background-meta":{"desktop":{"background-color":"var(--ast-global-color-5)","background-image":"","background-repeat":"repeat","background-position":"center center","background-size":"auto","background-attachment":"scroll","background-type":"","background-media":"","overlay-type":"","overlay-color":"","overlay-opacity":"","overlay-gradient":""},"tablet":{"background-color":"var(--ast-global-color-5)","background-image":"","background-repeat":"repeat","background-position":"center center","background-size":"auto","background-attachment":"scroll","background-type":"","background-media":"","overlay-type":"","overlay-color":"","overlay-opacity":"","overlay-gradient":""},"mobile":{"background-color":"var(--ast-global-color-5)","background-image":"","background-repeat":"repeat","background-position":"center center","background-size":"auto","background-attachment":"scroll","background-type":"","background-media":"","overlay-type":"","overlay-color":"","overlay-opacity":"","overlay-gradient":""}}},"product_brand":[],"product_cat":[18],"product_tag":[],"class_list":{"0":"post-554","1":"product","2":"type-product","3":"status-publish","4":"has-post-thumbnail","6":"product_cat-sao-paulo","7":"desktop-align-left","8":"tablet-align-left","9":"mobile-align-left","11":"first","12":"instock","13":"shipping-taxable","14":"purchasable","15":"product-type-simple"},"uagb_featured_image_src":{"full":["https:\/\/movetoursp.com\/wp-content\/uploads\/2023\/06\/146.jpg",798,532,false],"thumbnail":["https:\/\/movetoursp.com\/wp-content\/uploads\/2023\/06\/146-150x150.jpg",150,150,true],"medium":["https:\/\/movetoursp.com\/wp-content\/uploads\/2023\/06\/146-300x200.jpg",300,200,true],"medium_large":["https:\/\/movetoursp.com\/wp-content\/uploads\/2023\/06\/146-768x512.jpg",768,512,true],"large":["https:\/\/movetoursp.com\/wp-content\/uploads\/2023\/06\/146.jpg",798,532,false],"master_addons_team_thumb":["https:\/\/movetoursp.com\/wp-content\/uploads\/2023\/06\/146.jpg",250,167,false],"1536x1536":["https:\/\/movetoursp.com\/wp-content\/uploads\/2023\/06\/146.jpg",798,532,false],"2048x2048":["https:\/\/movetoursp.com\/wp-content\/uploads\/2023\/06\/146.jpg",798,532,false],"woocommerce_thumbnail":["https:\/\/movetoursp.com\/wp-content\/uploads\/2023\/06\/146-300x300.jpg",300,300,true],"woocommerce_single":["https:\/\/movetoursp.com\/wp-content\/uploads\/2023\/06\/146-600x400.jpg",600,400,true],"woocommerce_gallery_thumbnail":["https:\/\/movetoursp.com\/wp-content\/uploads\/2023\/06\/146-100x100.jpg",100,100,true]},"uagb_author_info":{"display_name":"movetoursp.com","author_link":"https:\/\/movetoursp.com\/index.php\/author\/"},"uagb_comment_info":3,"uagb_excerpt":"Voo de helic\u00f3ptero de 20 minutos sobre a cidade de S\u00e3o Paulo Sobrevoe a selva de concreto de S\u00e3o Paulo neste emocionante passeio tur\u00edstico de helic\u00f3ptero. Embarque em seu pr\u00f3prio helic\u00f3ptero e sobrevoe a cidade em expans\u00e3o. Seu piloto aponta v\u00e1rios pontos de interesse, incluindo a Avenida Paulista, o samb\u00f3dromo, o mercado municipal e o&hellip;","_links":{"self":[{"href":"https:\/\/movetoursp.com\/index.php\/wp-json\/wp\/v2\/product\/554","targetHints":{"allow":["GET"]}}],"collection":[{"href":"https:\/\/movetoursp.com\/index.php\/wp-json\/wp\/v2\/product"}],"about":[{"href":"https:\/\/movetoursp.com\/index.php\/wp-json\/wp\/v2\/types\/product"}],"replies":[{"embeddable":true,"href":"https:\/\/movetoursp.com\/index.php\/wp-json\/wp\/v2\/comments?post=554"}],"wp:featuredmedia":[{"embeddable":true,"href":"https:\/\/movetoursp.com\/index.php\/wp-json\/wp\/v2\/media\/562"}],"wp:attachment":[{"href":"https:\/\/movetoursp.com\/index.php\/wp-json\/wp\/v2\/media?parent=554"}],"wp:term":[{"taxonomy":"product_brand","embeddable":true,"href":"https:\/\/movetoursp.com\/index.php\/wp-json\/wp\/v2\/product_brand?post=554"},{"taxonomy":"product_cat","embeddable":true,"href":"https:\/\/movetoursp.com\/index.php\/wp-json\/wp\/v2\/product_cat?post=554"},{"taxonomy":"product_tag","embeddable":true,"href":"https:\/\/movetoursp.com\/index.php\/wp-json\/wp\/v2\/product_tag?post=554"}],"curies":[{"name":"wp","href":"https:\/\/api.w.org\/{rel}","templated":true}]}}